{"id":16,"date":"2018-02-22T14:01:10","date_gmt":"2018-02-22T14:01:10","guid":{"rendered":"http:\/\/new.ls-interiors.de\/?page_id=16"},"modified":"2018-03-14T16:08:33","modified_gmt":"2018-03-14T16:08:33","slug":"home","status":"publish","type":"page","link":"https:\/\/ls-interiors.de\/en\/home\/","title":{"rendered":"Home komplett"},"content":{"rendered":"<div class=\"wpb-content-wrapper\"><p><!-- Row Backgrounds --><div class=\"upb_color\" data-bg-override=\"0\" data-bg-color=\"\" data-fadeout=\"\" data-fadeout-percentage=\"30\" data-parallax-content=\"\" data-parallax-content-sense=\"30\" data-row-effect-mobile-disable=\"true\" data-img-parallax-mobile-disable=\"true\" data-rtl=\"false\"  data-custom-vc-row=\"\"  data-vc=\"7.6\"  data-is_old_vc=\"\"  data-theme-support=\"\"   data-overlay=\"false\" data-overlay-color=\"\" data-overlay-pattern=\"\" data-overlay-pattern-opacity=\"\" data-overlay-pattern-size=\"\"     data-hide-row=\" uvc_hidden-xs  uvc_hidden-xsl \" ><\/div><!-- Row Backgrounds --><div class=\"upb_color\" data-bg-override=\"0\" data-bg-color=\"\" data-fadeout=\"\" data-fadeout-percentage=\"30\" data-parallax-content=\"\" data-parallax-content-sense=\"30\" data-row-effect-mobile-disable=\"true\" data-img-parallax-mobile-disable=\"true\" data-rtl=\"false\"  data-custom-vc-row=\"\"  data-vc=\"7.6\"  data-is_old_vc=\"\"  data-theme-support=\"\"   data-overlay=\"false\" data-overlay-color=\"\" data-overlay-pattern=\"\" data-overlay-pattern-opacity=\"\" data-overlay-pattern-size=\"\"     data-hide-row=\" uvc_hidden-lg  uvc_hidden-ml  uvc_hidden-md  uvc_hidden-sm \" ><\/div><!-- Row Backgrounds --><div class=\"upb_color\" data-bg-override=\"0\" data-bg-color=\"\" data-fadeout=\"\" data-fadeout-percentage=\"30\" data-parallax-content=\"\" data-parallax-content-sense=\"30\" data-row-effect-mobile-disable=\"true\" data-img-parallax-mobile-disable=\"true\" data-rtl=\"false\"  data-custom-vc-row=\"\"  data-vc=\"7.6\"  data-is_old_vc=\"\"  data-theme-support=\"\"   data-overlay=\"false\" data-overlay-color=\"\" data-overlay-pattern=\"\" data-overlay-pattern-opacity=\"\" data-overlay-pattern-size=\"\"     data-hide-row=\" uvc_hidden-xs  uvc_hidden-xsl \" ><\/div><div data-vc-full-width=\"true\" data-vc-full-width-init=\"false\" data-vc-parallax=\"1.5\" data-vc-parallax-image=\"https:\/\/ls-interiors.de\/wp-content\/uploads\/2018\/02\/Slider_zitat_dunkel.jpg\" class=\"vc_row wpb_row vc_row-fluid vc_custom_1520609902065 vc_row-has-fill vc_row-o-content-middle vc_row-flex vc_general vc_parallax vc_parallax-content-moving\"><div class=\"wpb_column vc_column_container vc_col-sm-12\"><div class=\"vc_column-inner\"><div class=\"wpb_wrapper\">\n\t<div class=\"wpb_text_column wpb_content_element\" >\n\t\t<div class=\"wpb_wrapper\">\n\t\t\t<p style=\"text-align: center; font-size: 25px; line-height: 30px;\"><span style=\"color: #eae7e4;\">\u00bbGute Architektur ber\u00fccksichtigt die individuellen Bed\u00fcrfnisse des Bauherrn, vermittelt ein positives Lebensgef\u00fchl und bereitet jeden Tag aufs neue Freude.\u00ab<\/span><\/p>\n\n\t\t<\/div>\n\t<\/div>\n<\/div><\/div><\/div><\/div><div class=\"vc_row-full-width vc_clearfix\"><\/div><!-- Row Backgrounds --><div class=\"upb_color\" data-bg-override=\"0\" data-bg-color=\"\" data-fadeout=\"\" data-fadeout-percentage=\"30\" data-parallax-content=\"\" data-parallax-content-sense=\"30\" data-row-effect-mobile-disable=\"true\" data-img-parallax-mobile-disable=\"true\" data-rtl=\"false\"  data-custom-vc-row=\"\"  data-vc=\"7.6\"  data-is_old_vc=\"\"  data-theme-support=\"\"   data-overlay=\"false\" data-overlay-color=\"\" data-overlay-pattern=\"\" data-overlay-pattern-opacity=\"\" data-overlay-pattern-size=\"\"     data-hide-row=\" uvc_hidden-lg  uvc_hidden-ml  uvc_hidden-md  uvc_hidden-sm \" ><\/div><!-- Row Backgrounds --><div class=\"upb_color\" data-bg-override=\"0\" data-bg-color=\"\" data-fadeout=\"\" data-fadeout-percentage=\"30\" data-parallax-content=\"\" data-parallax-content-sense=\"30\" data-row-effect-mobile-disable=\"true\" data-img-parallax-mobile-disable=\"true\" data-rtl=\"false\"  data-custom-vc-row=\"\"  data-vc=\"7.6\"  data-is_old_vc=\"\"  data-theme-support=\"\"   data-overlay=\"false\" data-overlay-color=\"\" data-overlay-pattern=\"\" data-overlay-pattern-opacity=\"\" data-overlay-pattern-size=\"\"     data-hide-row=\" uvc_hidden-xs  uvc_hidden-xsl \" ><\/div><!-- Row Backgrounds --><div class=\"upb_color\" data-bg-override=\"0\" data-bg-color=\"\" data-fadeout=\"\" data-fadeout-percentage=\"30\" data-parallax-content=\"\" data-parallax-content-sense=\"30\" data-row-effect-mobile-disable=\"true\" data-img-parallax-mobile-disable=\"true\" data-rtl=\"false\"  data-custom-vc-row=\"\"  data-vc=\"7.6\"  data-is_old_vc=\"\"  data-theme-support=\"\"   data-overlay=\"false\" data-overlay-color=\"\" data-overlay-pattern=\"\" data-overlay-pattern-opacity=\"\" data-overlay-pattern-size=\"\"     data-hide-row=\" uvc_hidden-lg  uvc_hidden-ml  uvc_hidden-md  uvc_hidden-sm \" ><\/div>\n<\/div>","protected":false},"excerpt":{"rendered":"<p>\u00bbGute Architektur ber\u00fccksichtigt die individuellen Bed\u00fcrfnisse des Bauherrn, vermittelt ein positives Lebensgef\u00fchl und bereitet jeden Tag aufs neue Freude.\u00ab<\/p>","protected":false},"author":1,"featured_media":0,"parent":0,"menu_order":0,"comment_status":"closed","ping_status":"closed","template":"","meta":{"inline_featured_image":false,"footnotes":""},"_links":{"self":[{"href":"https:\/\/ls-interiors.de\/en\/wp-json\/wp\/v2\/pages\/16"}],"collection":[{"href":"https:\/\/ls-interiors.de\/en\/wp-json\/wp\/v2\/pages"}],"about":[{"href":"https:\/\/ls-interiors.de\/en\/wp-json\/wp\/v2\/types\/page"}],"author":[{"embeddable":true,"href":"https:\/\/ls-interiors.de\/en\/wp-json\/wp\/v2\/users\/1"}],"replies":[{"embeddable":true,"href":"https:\/\/ls-interiors.de\/en\/wp-json\/wp\/v2\/comments?post=16"}],"version-history":[{"count":132,"href":"https:\/\/ls-interiors.de\/en\/wp-json\/wp\/v2\/pages\/16\/revisions"}],"predecessor-version":[{"id":575,"href":"https:\/\/ls-interiors.de\/en\/wp-json\/wp\/v2\/pages\/16\/revisions\/575"}],"wp:attachment":[{"href":"https:\/\/ls-interiors.de\/en\/wp-json\/wp\/v2\/media?parent=16"}],"curies":[{"name":"wp","href":"https:\/\/api.w.org\/{rel}","templated":true}]}}